{"id":909,"date":"2023-11-10T14:01:00","date_gmt":"2023-11-10T07:01:00","guid":{"rendered":"https:\/\/coiviet.vn\/?post_type=product&#038;p=909"},"modified":"2023-11-10T14:01:01","modified_gmt":"2023-11-10T07:01:01","slug":"sau-rieng-ri6-huynh-lam","status":"publish","type":"product","link":"https:\/\/coiviet.vn\/en\/product\/sau-rieng-ri6-huynh-lam\/","title":{"rendered":"S\u1ea7u Ri\u00eang Ri6 Hu\u1ef3nh L\u00e2m"},"content":{"rendered":"<p>S\u1ea7u ri\u00eang Ri6 Hu\u1ef3nh L\u00e2m c\u01a1m v\u00e0ng, h\u1ea1t l\u00e9p, m\u00fai to (theo ti\u00eau chu\u1ea9n 4 \u0111\u01b0\u1eddng m\u00fai tr\u1edf l\u00ean) k\u00e8m v\u1ecb ng\u1ecdt b\u00f9i t\u1ef1 nhi\u00ean xen l\u1eabn ch\u00fat \u0111\u1eafng nh\u1eb9 t\u1ea1o th\u00eam s\u1ef1 k\u00edch th\u00edch khi \u0103n.<\/p>\n<p>M\u1ed7i tr\u00e1i s\u1ea7u ri\u00eang \u0111\u1ec1u:<\/p>\n<p>1. There is a traceability stamp on each durian fruit<\/p>\n<p>2. Achieved VietGap certification and certification of no pesticide contamination according to European standards tested every 6 months.<\/p>\n<p>3. Take care of by a team of professional plant experts<\/p>\n<p>4. Use organic mineral fertilizers imported from the US<\/p>\n<p>5. Application of unique technology and monitoring techniques<\/p>\n<p>6. Tr\u00e1i c\u1eaft gi\u00e0 t\u1eeb 8,5 tu\u1ed5i tr\u1edf l\u00ean gi\u1eef tr\u1ecdn v\u1ecb ngon t\u1ef1 nhi\u00ean<\/p>\n<p>7. Fruits are available all year round with consistent product quality<\/p>","protected":false},"excerpt":{"rendered":"<p>S\u1ea7u ri\u00eang Ri6 Hu\u1ef3nh L\u00e2m c\u01a1m v\u00e0ng, h\u1ea1t l\u00e9p, m\u00fai to (theo ti\u00eau chu\u1ea9n 4 \u0111\u01b0\u1eddng m\u00fai tr\u1edf l\u00ean) k\u00e8m v\u1ecb ng\u1ecdt b\u00f9i t\u1ef1 nhi\u00ean xen l\u1eabn ch\u00fat \u0111\u1eafng nh\u1eb9 t\u1ea1o th\u00eam s\u1ef1 k\u00edch th\u00edch khi \u0103n. M\u1ed7i tr\u00e1i s\u1ea7u ri\u00eang \u0111\u1ec1u: 1. C\u00f3 tem truy xu\u1ea5t ngu\u1ed3n g\u1ed1c tr\u00ean t\u1eebng tr\u00e1i s\u1ea7u ri\u00eang 2&#8230;.<\/p>","protected":false},"featured_media":910,"template":"","meta":[],"product_cat":[21],"product_tag":[40,41],"class_list":["post-909","product","type-product","status-publish","has-post-thumbnail","hentry","product_cat-nong-san","product_tag-sau-rieng","product_tag-sau-rieng-ri6"],"_links":{"self":[{"href":"https:\/\/coiviet.vn\/en\/wp-json\/wp\/v2\/product\/909","targetHints":{"allow":["GET"]}}],"collection":[{"href":"https:\/\/coiviet.vn\/en\/wp-json\/wp\/v2\/product"}],"about":[{"href":"https:\/\/coiviet.vn\/en\/wp-json\/wp\/v2\/types\/product"}],"wp:featuredmedia":[{"embeddable":true,"href":"https:\/\/coiviet.vn\/en\/wp-json\/wp\/v2\/media\/910"}],"wp:attachment":[{"href":"https:\/\/coiviet.vn\/en\/wp-json\/wp\/v2\/media?parent=909"}],"wp:term":[{"taxonomy":"product_cat","embeddable":true,"href":"https:\/\/coiviet.vn\/en\/wp-json\/wp\/v2\/product_cat?post=909"},{"taxonomy":"product_tag","embeddable":true,"href":"https:\/\/coiviet.vn\/en\/wp-json\/wp\/v2\/product_tag?post=909"}],"curies":[{"name":"wp","href":"https:\/\/api.w.org\/{rel}","templated":true}]}}