{"id":601,"date":"2022-09-23T08:42:46","date_gmt":"2022-09-23T01:42:46","guid":{"rendered":"https:\/\/coiviet.vn\/?post_type=product&#038;p=601"},"modified":"2022-09-23T08:48:49","modified_gmt":"2022-09-23T01:48:49","slug":"tinh-dau-tram-coi-viet","status":"publish","type":"product","link":"https:\/\/coiviet.vn\/en\/product\/tinh-dau-tram-coi-viet\/","title":{"rendered":"TINH D\u1ea6U TR\u00c0M C\u1ed8I VI\u1ec6T"},"content":{"rendered":"<p>TH\u00c0NH PH\u1ea6N: 100% tinh d\u1ea7u tr\u00e0m ng\u00e2m hoa<\/p>\n<p>Keep in a cool and dry place away from direct sunlight<\/p>\n<p>C\u00e1ch s\u1eed d\u1ee5ng d\u1ea7u tr\u00e0m \u0111\u1ec3 t\u0103ng hi\u1ec7u qu\u1ea3 t\u1ed1i \u0111a:<\/p>\n<p>1. \u0110i\u1ec1u tr\u1ecb m\u1ee5n v\u00e0 da nh\u1eddn: \u0110\u1ec3 tr\u1ecb m\u1ee5n v\u00e0 ch\u0103m s\u00f3c da nh\u1eddn, b\u1ea1n ch\u1ec9 c\u1ea7n d\u00f9ng mi\u1ebfng v\u1ea3i cotton nh\u00fang v\u00e0o d\u1ea7u Tr\u00e0m v\u00e0 thoa tr\u1ef1c ti\u1ebfp l\u00ean \u0111\u1ea7u m\u1ee5n. Ngay c\u1ea3 m\u1ee5n \u0111\u1ea7u \u0111en v\u00e0 \u0111\u1ea7u tr\u1eafng c\u0169ng b\u1ecb d\u1ea7u tr\u00e0m tr\u00e0 lo\u1ea1i b\u1ecf d\u1ec5 d\u00e0ng. Ban n\u00ean thoa d\u1ea7u tr\u00e0m 2 l\u1ea7n\/ng\u00e0y, tr\u01b0\u1edbc l\u00fac \u0111i ng\u1ee7 v\u00e0 sau khi th\u1ee9c d\u1eady v\u00e0o bu\u1ed5i s\u00e1ng. B\u1ea1n c\u0169ng c\u00f3 th\u1ec3 s\u1eed d\u1ee5ng v\u00e0i gi\u1ecdt tinh d\u1ea7u tr\u00e0m tr\u1ed9n v\u00e0o s\u1eefa r\u1eeda m\u1eb7t \u0111\u1ec3 s\u1eed d\u1ee5ng h\u00e0ng ng\u00e0y. C\u00e1ch s\u1eed d\u1ee5ng tinh d\u1ea7u tr\u00e0m n\u00e0y gi\u00fap c\u00e2n b\u1eb1ng l\u01b0\u1ee3ng d\u1ea7u nh\u1eddn tr\u00ean da hi\u1ec7u qu\u1ea3.<\/p>\n<p>2. L\u00e0m s\u1ea1ch c\u01a1 th\u1ec3 v\u00e0 gi\u1eef \u1ea5m: Nh\u1ecf 10-12 gi\u1ecdt tinh d\u1ea7u tr\u00e0m v\u00e0o b\u1ed3n n\u01b0\u1edbc v\u00e0 ng\u00e2m m\u00ecnh. Th\u1ef1c hi\u1ec7n kho\u1ea3ng 30 ph\u00fat\/2 l\u1ea7n\/tu\u1ea7n. Ngo\u00e0i vi\u1ec7c l\u00e0m s\u1ea1ch, tinh d\u1ea7u t\u1ef1 nhi\u00ean n\u00e0y s\u1ebd gi\u00fap c\u01a1 th\u1ec3 b\u1ea1n th\u01b0 gi\u00e3n sau khi l\u00e0m vi\u1ec7c ho\u1eb7c ch\u01a1i th\u1ec3 thao.<\/p>\n<p>3. Ng\u1eeba c\u1ea3m l\u1ea1nh v\u00e0 ng\u0103n mu\u1ed7i \u0111\u1ed1t: \u0110\u1ec3 ch\u1ed1ng c\u1ea3m l\u1ea1nh cho b\u00e9, khi t\u1eafm, b\u1ea1n h\u00e3y nh\u1ecf v\u00e0 gi\u1ecdt tinh d\u1ea7u tr\u00e0m v\u00e0o ch\u1eadu n\u01b0\u1edbc c\u1ee7a con. B\u00e9 t\u1eafm n\u01b0\u1edbc c\u00f3 tinh d\u1ea7u tr\u00e0m s\u1ebd gi\u1eef \u0111\u01b0\u1ee3c c\u01a1 th\u1ec3 \u1ea5m \u00e1p, ch\u1ed1ng c\u1ea3m, ch\u1ed1ng ho \u0111\u1ed3ng th\u1eddi ch\u1ed1ng c\u1ea3 mu\u1ed7i n\u1eefa (mu\u1ed7i r\u1ea5t s\u1ee3 d\u1ea7u tr\u00e0m). L\u01b0u \u00fd kh\u00f4ng n\u00ean r\u1eeda n\u01b0\u1edbc m\u1eb7t v\u00e0o m\u1eb7t v\u00ec tinh d\u1ea7u tr\u00e0m c\u00f3 th\u1ec3 d\u00e2y v\u00e0o m\u1eaft con. B\u1ea1n c\u0169ng c\u00f3 th\u1ec3 h\u00f2a tinh d\u1ea7u tr\u00e0m v\u1edbi n\u01b0\u1edbc \u1ea5m v\u00e0 thoa v\u00e0o l\u00f2ng b\u00e0n ch\u00e2n, th\u00e1i d\u01b0\u01a1ng c\u1ee7a b\u00e9 tr\u01b0\u1edbc khi cho con ra ngo\u00e0i tr\u1eddi l\u1ea1nh.<\/p>\n<p>4. Ng\u0103n ng\u1eeba vi\u00eam nhi\u1ec5m m\u0169i h\u1ecdng m\u00f9a l\u1ea1nh \u0110\u1ed1i v\u1edbi b\u00e9 (v\u00e0 c\u1ea3 ng\u01b0\u1eddi l\u1edbn): Nh\u1eefng h\u00f4m tr\u1eddi l\u1ea1nh n\u00ean massage l\u00f2ng b\u00e0n ch\u00e2n v\u1edbi m\u1ed9t \u00edt d\u1ea7u tr\u00e0m r\u1ed3i \u0111eo v\u1edb \u0111i ng\u1ee7, d\u1ea7u tr\u00e0m s\u1ebd gi\u00fap c\u1ea3 gia \u0111\u00ecnh mi\u1ec5n nhi\u1ec5m c\u00e1c b\u1ec7nh \u0111\u01b0\u1eddng m\u0169i h\u1ecdng su\u1ed1t c\u1ea3 m\u00f9a \u0111\u00f4ng l\u1ea1nh. C\u00e1ch s\u1eed d\u1ee5ng tinh d\u1ea7u tr\u00e0m n\u00e0y r\u1ea5t \u0111\u01a1n gi\u1ea3n v\u00e0 kh\u00f4ng m\u1ea5t th\u1eddi gian c\u1ee7a b\u1ea1n, nh\u01b0ng hi\u1ec7u qu\u1ea3 l\u1ea1i \u01b0u vi\u1ec7t.<\/p>\n<p>5. Ch\u1ed1ng h\u00f4i mi\u1ec7ng, vi\u00eam l\u1ee3i: Nh\u1ecf 3 gi\u1ecdt tinh d\u1ea7u tr\u00e0m v\u00e0o c\u1ed1c n\u01b0\u1edbc \u1ea5m. D\u00f9ng dung d\u1ecbch n\u00e0y s\u00fac mi\u1ec7ng t\u1eeb 2-3 l\u1ea7n\/ ng\u00e0y, c\u0169ng c\u00f3 th\u1ec3 nh\u1ecf tinh d\u1ea7u v\u00e0o kem \u0111\u00e1nh r\u0103ng, nh\u01b0ng tuy\u1ec7t \u0111\u1ed1i kh\u00f4ng \u0111\u01b0\u1ee3c u\u1ed1ng.<\/p>\n<p>6. Kh\u1eed \u0111\u1ed9c kh\u00f4ng kh\u00ed, \u1ee9c ch\u1ebf virus l\u00e2y b\u1ec7nh: Cho v\u00e0i gi\u1ecdt d\u1ea7u tr\u00e0m trong ch\u00e9n n\u01b0\u1edbc n\u00f3ng, ho\u1eb7c th\u1ea5m d\u1ea7u tr\u00e0m trong mi\u1ebfng b\u00f4ng g\u00f2n \u0111\u1ec3 \u1edf c\u00e1c g\u00f3c nh\u00e0 s\u1ebd gi\u00fap b\u1ea7u kh\u00f4ng kh\u00ed trong s\u1ea1ch h\u01a1n, ch\u01b0a k\u1ec3 h\u01b0\u01a1ng tr\u00e0m thoang tho\u1ea3ng c\u0169ng t\u1ea1o c\u1ea3m gi\u00e1c d\u1ec5 ch\u1ecbu. B\u1ea1n c\u0169ng c\u00f3 th\u1ec3 s\u1eed d\u1ee5ng \u0111\u00e8n x\u00f4ng tinh d\u1ea7u \u0111\u1ec3 m\u00f9i h\u01b0\u01a1ng lan t\u1ecfa d\u1ec5 ch\u1ecbu h\u01a1n.<\/p>\n<p>7. Tr\u1ecb g\u00e0u: Nh\u1ecf 1 \u2013 2 gi\u1ecdt tinh d\u1ea7u tr\u00e0m v\u00e0o d\u1ea7u g\u1ed9i v\u00e0 s\u1eed d\u1ee5ng b\u00ecnh th\u01b0\u1eddng. M\u1ed7i tu\u1ea7n g\u1ed9i t\u1eeb 3 \u2013 4 l\u1ea7n, n\u1ea5m m\u1ed1c v\u00e0 g\u00e0u s\u1ebd gi\u1ea3m \u0111\u00e1ng k\u1ec3, t\u00f3c c\u0169ng su\u00f4n m\u01b0\u1ee3t \u00f3ng \u1ea3 h\u01a1n. V\u1edbi tr\u1ebb em c\u00f3 ch\u1ea5y, c\u00e1ch l\u00e0m n\u00e0y c\u00f3 th\u1ec3 lo\u1ea1i b\u1ecf ch\u1ea5y hi\u1ec7u qu\u1ea3.<\/p>\n<p>8. Ch\u1ed1ng n\u1ea5m b\u00e0n ch\u00e2n: B\u1ea1n h\u00e3y thoa d\u1ea7u tr\u00e0m v\u00e0o nh\u1eefng v\u00f9ng da b\u1ecb n\u1ea5m \u0111\u1ec3 vi khu\u1ea9n kh\u00f4ng lan ra nh\u1eefng v\u00f9ng xung quanh.<\/p>\n<p>9. Gi\u1ea3m \u0111au: Khi b\u1ecb nh\u1ee9c m\u1ecfi x\u01b0\u01a1ng kh\u1edbp, s\u1eed d\u1ee5ng tinh d\u1ea7u tr\u00e0m xoa b\u00f3p c\u0169ng c\u00f3 t\u00e1c d\u1ee5ng c\u1ea3i thi\u1ec7n \u0111\u00e1ng k\u1ec3 t\u00ecnh h\u00ecnh.<\/p>\n<p>10. Tr\u1ecb ho<\/p>","protected":false},"excerpt":{"rendered":"<p>TH\u00c0NH PH\u1ea6N: 100% tinh d\u1ea7u tr\u00e0m ng\u00e2m hoa<\/p>\n<p>Kh\u1ed1i l\u01b0\u1ee3ng: 100g<\/p>\n<p>Keep in a cool and dry place away from direct sunlight<\/p>\n<p>H\u01b0\u1edbng d\u1eabn s\u1eed d\u1ee5ng: B\u00f4i tr\u1ef1c ti\u1ebfp l\u00ean da, c\u1ea1o gi\u00f3, pha n\u01b0\u1edbc t\u1eafm, x\u00f4ng h\u01a1i<\/p>","protected":false},"featured_media":604,"template":"","meta":[],"product_cat":[15],"product_tag":[],"class_list":["post-601","product","type-product","status-publish","has-post-thumbnail","hentry","product_cat-chua-phan-loai"],"_links":{"self":[{"href":"https:\/\/coiviet.vn\/en\/wp-json\/wp\/v2\/product\/601","targetHints":{"allow":["GET"]}}],"collection":[{"href":"https:\/\/coiviet.vn\/en\/wp-json\/wp\/v2\/product"}],"about":[{"href":"https:\/\/coiviet.vn\/en\/wp-json\/wp\/v2\/types\/product"}],"wp:featuredmedia":[{"embeddable":true,"href":"https:\/\/coiviet.vn\/en\/wp-json\/wp\/v2\/media\/604"}],"wp:attachment":[{"href":"https:\/\/coiviet.vn\/en\/wp-json\/wp\/v2\/media?parent=601"}],"wp:term":[{"taxonomy":"product_cat","embeddable":true,"href":"https:\/\/coiviet.vn\/en\/wp-json\/wp\/v2\/product_cat?post=601"},{"taxonomy":"product_tag","embeddable":true,"href":"https:\/\/coiviet.vn\/en\/wp-json\/wp\/v2\/product_tag?post=601"}],"curies":[{"name":"wp","href":"https:\/\/api.w.org\/{rel}","templated":true}]}}