{"id":238,"date":"2022-09-11T14:48:06","date_gmt":"2022-09-11T07:48:06","guid":{"rendered":"https:\/\/coiviet.vn\/?post_type=product&#038;p=238"},"modified":"2022-09-23T08:35:05","modified_gmt":"2022-09-23T01:35:05","slug":"bot-ot-pha-san-100gr","status":"publish","type":"product","link":"https:\/\/coiviet.vn\/en\/product\/bot-ot-pha-san-100gr\/","title":{"rendered":"Chili powder 100gram"},"content":{"rendered":"<p>B\u1ed9t \u1edbt pha s\u1eb5n 100gram &#8211; Gia v\u1ecb ch\u1ea5m ph\u00f9 h\u1ee3p v\u1edbi m\u1ecdi lo\u1ea1i th\u1ecbt<br \/>\nNgon h\u01a1n khi s\u1eed d\u1ee5ng k\u00e9m chanh v\u00e0 t\u1eafc<\/p>\n<ul>\n<li>Th\u00e0nh ph\u1ea7n: \u1edat b\u1ed9t, mu\u1ed1i, ti\u00eau, b\u1ed9t ng\u1ecdt, m\u1eafc kh\u00e9n, \u0111\u1eadu t\u01b0\u01a1ng<\/li>\n<li>Tr\u1ecdng l\u01b0\u1ee3ng: 100g<\/li>\n<li><span style=\"font-size: 14.4px;\">H\u01b0\u1edbng d\u1eabn s\u1eed d\u1ee5ng: C\u00f3 th\u1ec3 s\u1eed d\u1ee5ng l\u00e0m gia v\u1ecb ch\u1ea5m c\u00e1c lo\u1ea1i th\u1ecbt, tr\u00e1i c\u00e2y, r\u1eafc cho c\u00e1c m\u00f3n n\u01b0\u1edbng.<\/span><\/li>\n<li>H\u01b0\u1edbng d\u1eabn b\u1ea3o qu\u1ea3n: B\u1ea3o qu\u1ea3n n\u01a1i kh\u00f4 r\u00e1o, tho\u00e1ng m\u00e1t.<\/li>\n<\/ul>","protected":false},"excerpt":{"rendered":"<ul>\n<li>Th\u00e0nh ph\u1ea7n: \u1edat b\u1ed9t, mu\u1ed1i, ti\u00eau, b\u1ed9t ng\u1ecdt, m\u1eafc kh\u00e9n, \u0111\u1eadu t\u01b0\u01a1ng<\/li>\n<li>Tr\u1ecdng l\u01b0\u1ee3ng: 100g<\/li>\n<li><span style=\"font-size: 14.4px;\">H\u01b0\u1edbng d\u1eabn s\u1eed d\u1ee5ng: C\u00f3 th\u1ec3 s\u1eed d\u1ee5ng l\u00e0m gia v\u1ecb ch\u1ea5m c\u00e1c lo\u1ea1i th\u1ecbt, tr\u00e1i c\u00e2y, r\u1eafc cho c\u00e1c m\u00f3n n\u01b0\u1edbng.<\/span><\/li>\n<li>H\u01b0\u1edbng d\u1eabn b\u1ea3o qu\u1ea3n: B\u1ea3o qu\u1ea3n n\u01a1i kh\u00f4 r\u00e1o, tho\u00e1ng m\u00e1t.<\/li>\n<\/ul>","protected":false},"featured_media":598,"template":"","meta":[],"product_cat":[22],"product_tag":[],"class_list":["post-238","product","type-product","status-publish","has-post-thumbnail","hentry","product_cat-gia-vi"],"_links":{"self":[{"href":"https:\/\/coiviet.vn\/en\/wp-json\/wp\/v2\/product\/238","targetHints":{"allow":["GET"]}}],"collection":[{"href":"https:\/\/coiviet.vn\/en\/wp-json\/wp\/v2\/product"}],"about":[{"href":"https:\/\/coiviet.vn\/en\/wp-json\/wp\/v2\/types\/product"}],"wp:featuredmedia":[{"embeddable":true,"href":"https:\/\/coiviet.vn\/en\/wp-json\/wp\/v2\/media\/598"}],"wp:attachment":[{"href":"https:\/\/coiviet.vn\/en\/wp-json\/wp\/v2\/media?parent=238"}],"wp:term":[{"taxonomy":"product_cat","embeddable":true,"href":"https:\/\/coiviet.vn\/en\/wp-json\/wp\/v2\/product_cat?post=238"},{"taxonomy":"product_tag","embeddable":true,"href":"https:\/\/coiviet.vn\/en\/wp-json\/wp\/v2\/product_tag?post=238"}],"curies":[{"name":"wp","href":"https:\/\/api.w.org\/{rel}","templated":true}]}}