{"id":209,"date":"2022-09-11T13:47:38","date_gmt":"2022-09-11T06:47:38","guid":{"rendered":"https:\/\/coiviet.vn\/?post_type=product&#038;p=209"},"modified":"2022-09-22T19:05:54","modified_gmt":"2022-09-22T12:05:54","slug":"nam-huong-coi-viet","status":"publish","type":"product","link":"https:\/\/coiviet.vn\/en\/product\/nam-huong-coi-viet\/","title":{"rendered":"CoiViet's shiitake mushroom"},"content":{"rendered":"<p>Coi Viet mushrooms are grown in natural conditions. During the harvesting process, shiitake mushrooms are carefully selected, then dried, packaged according to clean production processes that meet VietGAP standards and certified organic products (VCO).<\/p>\n<p>Nh\u1eefng c\u00e2y N\u1ea5m h\u01b0\u01a1ng C\u1ed9i Vi\u1ec7t c\u00f3 m\u00f9i th\u01a1m n\u1ed3ng n\u00e0n, h\u01b0\u01a1ng v\u1ecb gi\u00f2n ng\u1ecdt t\u1ef1 nhi\u00ean kh\u00e1c h\u1eb3n v\u1edbi c\u00e1c lo\u1ea1i n\u1ea5m kh\u00e1c tr\u00ean th\u1ecb tr\u01b0\u1eddng, s\u1eb5n s\u00e0ng chinh ph\u1ee5c m\u1ecdi th\u1ef1c kh\u00e1ch kh\u00f3 t\u00ednh nh\u1ea5t.<\/p>\n<p>Ingredients: 100% dried shiitake mushrooms<\/p>\n<p><span style=\"font-size: 14.4px;\">Soak dried shiitake mushrooms in clean water for about 30 minutes, then process rakes, stews, soups ... (depending on taste)<\/span><\/p>\n<p>Keep in a cool and dry place away from direct sunlight<\/p>\n<p>Warning information: Do not use expired products or products with abnormal signs, packaging is not intact.<\/p>","protected":false},"excerpt":{"rendered":"<ul>\n<li>Ingredients: 100% dried shiitake mushrooms<\/li>\n<li>Net: 150g<\/li>\n<li>Origin: Viet Nam<\/li>\n<li><span style=\"font-size: 14.4px;\">Soak dried shiitake mushrooms in clean water for about 30 minutes, then process rakes, stews, soups ... (depending on taste)<\/span><\/li>\n<li>Keep in a cool and dry place away from direct sunlight<\/li>\n<\/ul>","protected":false},"featured_media":552,"template":"","meta":[],"product_cat":[21],"product_tag":[],"class_list":["post-209","product","type-product","status-publish","has-post-thumbnail","hentry","product_cat-nong-san"],"_links":{"self":[{"href":"https:\/\/coiviet.vn\/en\/wp-json\/wp\/v2\/product\/209","targetHints":{"allow":["GET"]}}],"collection":[{"href":"https:\/\/coiviet.vn\/en\/wp-json\/wp\/v2\/product"}],"about":[{"href":"https:\/\/coiviet.vn\/en\/wp-json\/wp\/v2\/types\/product"}],"wp:featuredmedia":[{"embeddable":true,"href":"https:\/\/coiviet.vn\/en\/wp-json\/wp\/v2\/media\/552"}],"wp:attachment":[{"href":"https:\/\/coiviet.vn\/en\/wp-json\/wp\/v2\/media?parent=209"}],"wp:term":[{"taxonomy":"product_cat","embeddable":true,"href":"https:\/\/coiviet.vn\/en\/wp-json\/wp\/v2\/product_cat?post=209"},{"taxonomy":"product_tag","embeddable":true,"href":"https:\/\/coiviet.vn\/en\/wp-json\/wp\/v2\/product_tag?post=209"}],"curies":[{"name":"wp","href":"https:\/\/api.w.org\/{rel}","templated":true}]}}