{"id":909,"date":"2023-11-10T14:01:00","date_gmt":"2023-11-10T07:01:00","guid":{"rendered":"https:\/\/coiviet.vn\/?post_type=product&#038;p=909"},"modified":"2023-11-10T14:01:01","modified_gmt":"2023-11-10T07:01:01","slug":"sau-rieng-ri6-huynh-lam","status":"publish","type":"product","link":"https:\/\/coiviet.vn\/cn\/product\/sau-rieng-ri6-huynh-lam\/","title":{"rendered":"S\u1ea7u Ri\u00eang Ri6 Hu\u1ef3nh L\u00e2m"},"content":{"rendered":"<p>S\u1ea7u ri\u00eang Ri6 Hu\u1ef3nh L\u00e2m c\u01a1m v\u00e0ng, h\u1ea1t l\u00e9p, m\u00fai to (theo ti\u00eau chu\u1ea9n 4 \u0111\u01b0\u1eddng m\u00fai tr\u1edf l\u00ean) k\u00e8m v\u1ecb ng\u1ecdt b\u00f9i t\u1ef1 nhi\u00ean xen l\u1eabn ch\u00fat \u0111\u1eafng nh\u1eb9 t\u1ea1o th\u00eam s\u1ef1 k\u00edch th\u00edch khi \u0103n.<\/p>\n<p>M\u1ed7i tr\u00e1i s\u1ea7u ri\u00eang \u0111\u1ec1u:<\/p>\n<p>1. C\u00f3 tem truy xu\u1ea5t ngu\u1ed3n g\u1ed1c tr\u00ean t\u1eebng tr\u00e1i s\u1ea7u ri\u00eang<\/p>\n<p>2. \u0110\u1ea1t ch\u1ee9ng nh\u1eadn VietGap v\u00e0 ch\u1ee9ng nh\u1eadn kh\u00f4ng nhi\u1ec5m thu\u1ed1c b\u1ea3o v\u1ec7 th\u1ef1c v\u1eadt (BVTV) theo ti\u00eau chu\u1ea9n Ch\u00e2u \u00c2u ki\u1ec3m nghi\u1ec7m 6 th\u00e1ng 1 l\u1ea7n.<\/p>\n<p>3. \u0110\u01b0\u1ee3c ch\u0103m s\u00f3c b\u1edfi \u0111\u1ed9i ng\u0169 chuy\u00ean gia c\u00e2y tr\u1ed3ng chuy\u00ean nghi\u1ec7p<\/p>\n<p>4. S\u1eed d\u1ee5ng ph\u00e2n kho\u00e1ng h\u1eefu c\u01a1 \u0111\u01b0\u1ee3c nh\u1eadp kh\u1ea9u t\u1eeb M\u1ef9<\/p>\n<p>5. \u1ee8ng d\u1ee5ng c\u00f4ng ngh\u1ec7 v\u00e0 k\u1ef9 thu\u1eadt gi\u00e1m s\u00e1t ri\u00eang bi\u1ec7t<\/p>\n<p>6. Tr\u00e1i c\u1eaft gi\u00e0 t\u1eeb 8,5 tu\u1ed5i tr\u1edf l\u00ean gi\u1eef tr\u1ecdn v\u1ecb ngon t\u1ef1 nhi\u00ean<\/p>\n<p>7. C\u00f3 tr\u00e1i quanh n\u0103m v\u1edbi ch\u1ea5t l\u01b0\u1ee3ng s\u1ea3n ph\u1ea9m \u0111\u1ed3ng nh\u1ea5t<\/p>","protected":false},"excerpt":{"rendered":"<p>S\u1ea7u ri\u00eang Ri6 Hu\u1ef3nh L\u00e2m c\u01a1m v\u00e0ng, h\u1ea1t l\u00e9p, m\u00fai to (theo ti\u00eau chu\u1ea9n 4 \u0111\u01b0\u1eddng m\u00fai tr\u1edf l\u00ean) k\u00e8m v\u1ecb ng\u1ecdt b\u00f9i t\u1ef1 nhi\u00ean xen l\u1eabn ch\u00fat \u0111\u1eafng nh\u1eb9 t\u1ea1o th\u00eam s\u1ef1 k\u00edch th\u00edch khi \u0103n. M\u1ed7i tr\u00e1i s\u1ea7u ri\u00eang \u0111\u1ec1u: 1. C\u00f3 tem truy xu\u1ea5t ngu\u1ed3n g\u1ed1c tr\u00ean t\u1eebng tr\u00e1i s\u1ea7u ri\u00eang 2&#8230;.<\/p>","protected":false},"featured_media":910,"template":"","meta":[],"product_cat":[21],"product_tag":[40,41],"class_list":["post-909","product","type-product","status-publish","has-post-thumbnail","hentry","product_cat-nong-san","product_tag-sau-rieng","product_tag-sau-rieng-ri6"],"_links":{"self":[{"href":"https:\/\/coiviet.vn\/cn\/wp-json\/wp\/v2\/product\/909","targetHints":{"allow":["GET"]}}],"collection":[{"href":"https:\/\/coiviet.vn\/cn\/wp-json\/wp\/v2\/product"}],"about":[{"href":"https:\/\/coiviet.vn\/cn\/wp-json\/wp\/v2\/types\/product"}],"wp:featuredmedia":[{"embeddable":true,"href":"https:\/\/coiviet.vn\/cn\/wp-json\/wp\/v2\/media\/910"}],"wp:attachment":[{"href":"https:\/\/coiviet.vn\/cn\/wp-json\/wp\/v2\/media?parent=909"}],"wp:term":[{"taxonomy":"product_cat","embeddable":true,"href":"https:\/\/coiviet.vn\/cn\/wp-json\/wp\/v2\/product_cat?post=909"},{"taxonomy":"product_tag","embeddable":true,"href":"https:\/\/coiviet.vn\/cn\/wp-json\/wp\/v2\/product_tag?post=909"}],"curies":[{"name":"wp","href":"https:\/\/api.w.org\/{rel}","templated":true}]}}