{"id":234,"date":"2022-09-11T14:44:10","date_gmt":"2022-09-11T07:44:10","guid":{"rendered":"https:\/\/coiviet.vn\/?post_type=product&#038;p=234"},"modified":"2022-09-22T22:41:38","modified_gmt":"2022-09-22T15:41:38","slug":"tuong-ot-muong-khuong","status":"publish","type":"product","link":"https:\/\/coiviet.vn\/cn\/product\/tuong-ot-muong-khuong\/","title":{"rendered":"T\u01b0\u01a1ng \u1edbt M\u01b0\u1eddng Kh\u01b0\u01a1ng"},"content":{"rendered":"<div class=\"m8h3af8h l7ghb35v kjdc1dyq kmwttqpk gh25dzvf n3t5jt4f\">\n<div dir=\"auto\"><span class=\"fxk3tzhb b2rh1bv3 gh55jysx m8h3af8h ewco64xe kjdc1dyq ms56khn7 bq6c9xl4 eohcrkr5 akh3l2rg\"><img loading=\"lazy\" decoding=\"async\" src=\"https:\/\/static.xx.fbcdn.net\/images\/emoji.php\/v9\/te0\/1\/16\/1f31f.png\" alt=\"\ud83c\udf1f\" width=\"16\" height=\"16\" \/><\/span> T\u01b0\u01a1ng \u1edbt M\u01b0\u1eddng Kh\u01b0\u01a1ng: B\u00f9ng ch\u00e1y m\u1ecdi gi\u00e1c quan <span class=\"fxk3tzhb b2rh1bv3 gh55jysx m8h3af8h ewco64xe kjdc1dyq ms56khn7 bq6c9xl4 eohcrkr5 akh3l2rg\"><img loading=\"lazy\" decoding=\"async\" src=\"https:\/\/static.xx.fbcdn.net\/images\/emoji.php\/v9\/te0\/1\/16\/1f31f.png\" alt=\"\ud83c\udf1f\" width=\"16\" height=\"16\" \/><\/span><\/div>\n<\/div>\n<div class=\"l7ghb35v kjdc1dyq kmwttqpk gh25dzvf jikcssrz n3t5jt4f\">\n<div dir=\"auto\"><span class=\"fxk3tzhb b2rh1bv3 gh55jysx m8h3af8h ewco64xe kjdc1dyq ms56khn7 bq6c9xl4 eohcrkr5 akh3l2rg\"><img loading=\"lazy\" decoding=\"async\" src=\"https:\/\/static.xx.fbcdn.net\/images\/emoji.php\/v9\/tee\/1\/16\/1f336.png\" alt=\"\ud83c\udf36\" width=\"16\" height=\"16\" \/><\/span>T\u01b0\u01a1ng \u1edbt M\u01b0\u1eddng Kh\u01b0\u01a1ng \u0111\u01b0\u1ee3c l\u00ean men t\u1ef1 nhi\u00ean, c\u00f3 h\u01b0\u01a1ng v\u1ecb \u0111\u1eb7c bi\u1ec7t cay cay, chua chua, th\u01a1m th\u01a1m khi\u1ebfn b\u1ea5t c\u1ee9 ai \u0111\u00e3 th\u1eed m\u1ed9t l\u1ea7n ph\u1ea3i nh\u1edb m\u00e3i kh\u00f4ng qu\u00ean, \u0111\u1eb7c bi\u1ec7t l\u00e0 khi:<\/div>\n<\/div>\n<div class=\"l7ghb35v kjdc1dyq kmwttqpk gh25dzvf jikcssrz n3t5jt4f\">\n<div dir=\"auto\"><span class=\"fxk3tzhb b2rh1bv3 gh55jysx m8h3af8h ewco64xe kjdc1dyq ms56khn7 bq6c9xl4 eohcrkr5 akh3l2rg\"><img loading=\"lazy\" decoding=\"async\" src=\"https:\/\/static.xx.fbcdn.net\/images\/emoji.php\/v9\/t50\/1\/16\/1f525.png\" alt=\"\ud83d\udd25\" width=\"16\" height=\"16\" \/><\/span> Th\u01b0\u1edfng th\u1ee9c c\u00f9ng b\u00e1t ph\u1edf n\u00f3ng h\u1ed5i, s\u1ebd k\u00edch th\u00edch m\u1ecdi gi\u00e1c quan c\u1ee7a b\u1ea1n<\/div>\n<div dir=\"auto\"><span class=\"fxk3tzhb b2rh1bv3 gh55jysx m8h3af8h ewco64xe kjdc1dyq ms56khn7 bq6c9xl4 eohcrkr5 akh3l2rg\"><img loading=\"lazy\" decoding=\"async\" src=\"https:\/\/static.xx.fbcdn.net\/images\/emoji.php\/v9\/t50\/1\/16\/1f525.png\" alt=\"\ud83d\udd25\" width=\"16\" height=\"16\" \/><\/span> D\u00f9 l\u00e0 m\u00e2m th\u1ecbt n\u01b0\u1edbng hay m\u1ed9t b\u00e0n ti\u1ec7c h\u1ea3i s\u1ea3n \u2013 t\u01b0\u01a1ng \u1edbt M\u01b0\u01a1ng Kh\u01b0\u01a1ng v\u1eabn s\u1ebd chi\u1ec1u l\u00f2ng \u0111\u01b0\u1ee3c c\u1ea3 ng\u01b0\u1eddi s\u00e0nh \u0103n nh\u1ea5t<\/div>\n<div dir=\"auto\"><span class=\"fxk3tzhb b2rh1bv3 gh55jysx m8h3af8h ewco64xe kjdc1dyq ms56khn7 bq6c9xl4 eohcrkr5 akh3l2rg\"><img loading=\"lazy\" decoding=\"async\" src=\"https:\/\/static.xx.fbcdn.net\/images\/emoji.php\/v9\/t50\/1\/16\/1f525.png\" alt=\"\ud83d\udd25\" width=\"16\" height=\"16\" \/><\/span> G\u00e0 lu\u1ed9c hay g\u00e0 n\u01b0\u1edbng \u2013 m\u00f3n \u0103n \u0111\u01b0\u1ee3c ch\u1ebf bi\u1ebfn \u0111\u01a1n gi\u1ea3n nh\u01b0ng h\u01b0\u01a1ng v\u1ecb s\u1ebd th\u00eam ph\u1ea7n th\u01a1m ngon v\u00e0 h\u1ea5p d\u1eabn h\u01a1n khi \u0111\u01b0\u1ee3c \u0103n c\u00f9ng t\u01b0\u01a1ng \u1edbt M\u01b0\u1eddng Kh\u01b0\u01a1ng.<\/div>\n<\/div>\n<div class=\"l7ghb35v kjdc1dyq kmwttqpk gh25dzvf jikcssrz n3t5jt4f\">\n<div dir=\"auto\"><span class=\"fxk3tzhb b2rh1bv3 gh55jysx m8h3af8h ewco64xe kjdc1dyq ms56khn7 bq6c9xl4 eohcrkr5 akh3l2rg\"><img loading=\"lazy\" decoding=\"async\" src=\"https:\/\/static.xx.fbcdn.net\/images\/emoji.php\/v9\/t3e\/1\/16\/1f4a3.png\" alt=\"\ud83d\udca3\" width=\"16\" height=\"16\" \/><\/span>H\u00e3y \u0111\u1ec3 C\u1ed9i Vi\u1ec7t n\u00e2ng t\u1ea7m v\u1ecb gi\u00e1c v\u00e0 th\u1ed5i b\u00f9ng m\u1ecdi gi\u00e1c quan c\u1ee7a b\u1ea1n !!!<\/div>\n<div dir=\"auto\">&#8212;&#8212;&#8211;<\/div>\n<div dir=\"auto\"><span class=\"fxk3tzhb b2rh1bv3 gh55jysx m8h3af8h ewco64xe kjdc1dyq ms56khn7 bq6c9xl4 eohcrkr5 akh3l2rg\"><img loading=\"lazy\" decoding=\"async\" src=\"https:\/\/static.xx.fbcdn.net\/images\/emoji.php\/v9\/t51\/1\/16\/1f449.png\" alt=\"\ud83d\udc49\" width=\"16\" height=\"16\" \/><\/span> B\u1ea1n s\u1ebd t\u00ecm mua \u0111\u01b0\u1ee3c c\u00e1c s\u1ea3n ph\u1ea9m C\u1ed9i Vi\u1ec7t nh\u01b0 t\u01b0\u01a1ng \u1edbt M\u01b0\u1eddng Kh\u01b0\u01a1ng, n\u1ea5m h\u01b0\u01a1ng Sa Pa, tr\u00e0 cam C\u1ed9i Vi\u1ec7t v\u00e0 nhi\u1ec1u \u0111\u1eb7c s\u1ea3n v\u00f9ng mi\u1ec1n kh\u00e1c t\u1ea1i c\u1eeda h\u00e0ng s\u1ed1 2B Ph\u00f9 \u0110\u1ed5ng Thi\u00ean V\u01b0\u01a1ng, Nguy\u1ec5n Du, Hai B\u00e0 Tr\u01b0ng,H\u00e0 N\u1ed9i<\/div>\n<\/div>\n<div class=\"l7ghb35v kjdc1dyq kmwttqpk gh25dzvf jikcssrz n3t5jt4f\">\n<div dir=\"auto\"><span class=\"fxk3tzhb b2rh1bv3 gh55jysx m8h3af8h ewco64xe kjdc1dyq ms56khn7 bq6c9xl4 eohcrkr5 akh3l2rg\"><img loading=\"lazy\" decoding=\"async\" src=\"https:\/\/static.xx.fbcdn.net\/images\/emoji.php\/v9\/t1c\/1\/16\/1f6d2.png\" alt=\"\ud83d\uded2\" width=\"16\" height=\"16\" \/><\/span> B\u1ea1n c\u0169ng c\u00f3 th\u1ec3 \u0111\u1eb7t mua Online b\u1eb1ng c\u00e1ch \u0111\u1ec3 l\u1ea1i b\u00ecnh lu\u1eadn ho\u1eb7c g\u1ecdi \u0111\u1ebfn s\u1ed1 Hotline : 0971.281.777<\/div>\n<div dir=\"auto\"><\/div>\n<\/div>","protected":false},"excerpt":{"rendered":"<ul>\n<li>Th\u00e0nh ph\u1ea7n: \u1edat, t\u1ecfi, n\u01b0\u1edbc, mu\u1ed1i, gi\u1ea5m, ch\u1ea5t \u1ed5n \u0111\u1ecbnh ( 415, 1422), ch\u1ea5t b\u1ea3o qu\u1ea3n (211, 202)<\/li>\n<li>Tr\u1ecdng l\u01b0\u1ee3ng: 250g, 500g<\/li>\n<li><span style=\"font-size: 14.4px;\">H\u01b0\u1edbng d\u1eabn s\u1eed d\u1ee5ng: D\u00f9ng tr\u1ef1c ti\u1ebfp ho\u1eb7c d\u00f9ng v\u1edbi c\u00e1c lo\u1ea1i th\u1ef1c ph\u1ea9m kh\u00e1c nh\u01b0 kh\u00f4 ph\u1edf, h\u1ea3i s\u1ea3n, ch\u1ea3 gi\u00f2, khoai t\u00e2y chi\u00ean,\u2026<\/span><\/li>\n<li>H\u01b0\u1edbng d\u1eabn b\u1ea3o qu\u1ea3n: B\u1ea3o qu\u1ea3n n\u01a1i kh\u00f4 r\u00e1o, tho\u00e1ng m\u00e1t v\u00e0 tr\u00e1nh \u00e1nh n\u1eafng tr\u1ef1c ti\u1ebfp. N\u00ean s\u1eed d\u1ee5ng ngay sau khi m\u1edf bao b\u00ec. Tr\u00e1nh \u0111\u1ec3 g\u1ea7n h\u00f3a ch\u1ea5t ho\u1eb7c s\u1ea3n ph\u1ea9m c\u00f3 m\u00f9i m\u1ea1nh.<\/li>\n<\/ul>","protected":false},"featured_media":535,"template":"","meta":[],"product_cat":[22],"product_tag":[],"class_list":["post-234","product","type-product","status-publish","has-post-thumbnail","hentry","product_cat-gia-vi"],"_links":{"self":[{"href":"https:\/\/coiviet.vn\/cn\/wp-json\/wp\/v2\/product\/234","targetHints":{"allow":["GET"]}}],"collection":[{"href":"https:\/\/coiviet.vn\/cn\/wp-json\/wp\/v2\/product"}],"about":[{"href":"https:\/\/coiviet.vn\/cn\/wp-json\/wp\/v2\/types\/product"}],"wp:featuredmedia":[{"embeddable":true,"href":"https:\/\/coiviet.vn\/cn\/wp-json\/wp\/v2\/media\/535"}],"wp:attachment":[{"href":"https:\/\/coiviet.vn\/cn\/wp-json\/wp\/v2\/media?parent=234"}],"wp:term":[{"taxonomy":"product_cat","embeddable":true,"href":"https:\/\/coiviet.vn\/cn\/wp-json\/wp\/v2\/product_cat?post=234"},{"taxonomy":"product_tag","embeddable":true,"href":"https:\/\/coiviet.vn\/cn\/wp-json\/wp\/v2\/product_tag?post=234"}],"curies":[{"name":"wp","href":"https:\/\/api.w.org\/{rel}","templated":true}]}}