{"id":228,"date":"2022-09-11T14:38:54","date_gmt":"2022-09-11T07:38:54","guid":{"rendered":"https:\/\/coiviet.vn\/?post_type=product&#038;p=228"},"modified":"2022-10-14T09:32:01","modified_gmt":"2022-10-14T02:32:01","slug":"ma-ca-loai-1","status":"publish","type":"product","link":"https:\/\/coiviet.vn\/cn\/product\/ma-ca-loai-1\/","title":{"rendered":"M\u1eafc ca C\u1ed9i Vi\u1ec7t"},"content":{"rendered":"<h2 class=\"product-title breakall\">M\u1eafc ca C\u1ed9i Vi\u1ec7t &#8211; Kh\u00f4ng ch\u1ea5t b\u1ea3o qu\u1ea3n<\/h2>\n<ul>\n<li>Th\u00e0nh ph\u1ea7n: 100% H\u1ea1t macca t\u1ef1 nhi\u00ean lo\u1ea1i 1<\/li>\n<li>Tr\u1ecdng l\u01b0\u1ee3ng: 220g<\/li>\n<li><span style=\"font-size: 14.4px;\">H\u01b0\u1edbng d\u1eabn s\u1eed d\u1ee5ng: \u0102n ngay sau khi t\u00e1ch v\u1ecf<\/span><\/li>\n<li>H\u01b0\u1edbng d\u1eabn b\u1ea3o qu\u1ea3n: B\u1ea3o qu\u1ea3n n\u01a1i kh\u00f4 r\u00e1o, tho\u00e1ng m\u00e1t, tr\u00e1nh \u00e1nh n\u1eafng m\u1eb7t tr\u1eddi<\/li>\n<li>Th\u00f4ng tin c\u1ea3nh b\u00e1o: Kh\u00f4ng d\u00f9ng s\u1ea3n ph\u1ea9m bi\u1ebfn m\u00e0u, c\u00f3 m\u00f9i v\u1ecb l\u1ea1<\/li>\n<\/ul>","protected":false},"excerpt":{"rendered":"<ul>\n<li>Th\u00e0nh ph\u1ea7n: 100% H\u1ea1t macca t\u1ef1 nhi\u00ean lo\u1ea1i 1<\/li>\n<li>Tr\u1ecdng l\u01b0\u1ee3ng: 220g<\/li>\n<li><span style=\"font-size: 14.4px;\">H\u01b0\u1edbng d\u1eabn s\u1eed d\u1ee5ng: \u0102n ngay sau khi t\u00e1ch v\u1ecf<\/span><\/li>\n<li>H\u01b0\u1edbng d\u1eabn b\u1ea3o qu\u1ea3n: B\u1ea3o qu\u1ea3n n\u01a1i kh\u00f4 r\u00e1o, tho\u00e1ng m\u00e1t, tr\u00e1nh \u00e1nh n\u1eafng m\u1eb7t tr\u1eddi.<\/li>\n<\/ul>","protected":false},"featured_media":589,"template":"","meta":[],"product_cat":[21],"product_tag":[],"class_list":["post-228","product","type-product","status-publish","has-post-thumbnail","hentry","product_cat-nong-san"],"_links":{"self":[{"href":"https:\/\/coiviet.vn\/cn\/wp-json\/wp\/v2\/product\/228","targetHints":{"allow":["GET"]}}],"collection":[{"href":"https:\/\/coiviet.vn\/cn\/wp-json\/wp\/v2\/product"}],"about":[{"href":"https:\/\/coiviet.vn\/cn\/wp-json\/wp\/v2\/types\/product"}],"wp:featuredmedia":[{"embeddable":true,"href":"https:\/\/coiviet.vn\/cn\/wp-json\/wp\/v2\/media\/589"}],"wp:attachment":[{"href":"https:\/\/coiviet.vn\/cn\/wp-json\/wp\/v2\/media?parent=228"}],"wp:term":[{"taxonomy":"product_cat","embeddable":true,"href":"https:\/\/coiviet.vn\/cn\/wp-json\/wp\/v2\/product_cat?post=228"},{"taxonomy":"product_tag","embeddable":true,"href":"https:\/\/coiviet.vn\/cn\/wp-json\/wp\/v2\/product_tag?post=228"}],"curies":[{"name":"wp","href":"https:\/\/api.w.org\/{rel}","templated":true}]}}