{"id":221,"date":"2022-09-11T13:56:33","date_gmt":"2022-09-11T06:56:33","guid":{"rendered":"https:\/\/coiviet.vn\/?post_type=product&#038;p=221"},"modified":"2022-09-19T15:07:58","modified_gmt":"2022-09-19T08:07:58","slug":"hat-de-thom-ngon","status":"publish","type":"product","link":"https:\/\/coiviet.vn\/cn\/product\/hat-de-thom-ngon\/","title":{"rendered":"H\u1ea1t d\u1ebb T\u00e2y B\u1eafc"},"content":{"rendered":"<h2>\u0110\u00f4i n\u00e9t v\u1ec1 h\u1ea1t r\u1ebb r\u1eebng Sapa \u2013 \u0110\u1eb7c s\u1ea3n v\u00f9ng n\u00fai T\u00e2y B\u1eafc<\/h2>\n<p>H\u1ea1t d\u1ebb m\u1ed9t lo\u1ea1i h\u1ea1t c\u00f3 t\u00ean g\u1ecdi kh\u00e1c l\u00e0 s\u01a1n h\u1ea1ch \u0111\u00e0o. \u0110\u00e2y l\u00e0 lo\u1ea1i h\u1ea1t thu\u1ed9c lo\u1ea1i s\u1ed3i d\u1ebb c\u00f3 c\u00e1i t\u00ean khoa h\u1ecdc l\u00e0 Castanea Mollissima. Do \u0111\u1eb7c tr\u01b0ng kh\u00ed h\u1eadu ph\u00e2n t\u1ea7ng \u1edf Vi\u1ec7t Nam n\u00ean nh\u1eefng c\u00e2y d\u1ebb n\u00e0y \u0111\u1eb7c bi\u1ec7t ph\u00e1t tri\u1ec3n t\u1ed1t t\u1ea1i nh\u1eefng v\u00f9ng n\u00fai ph\u00eda T\u00e2y B\u1eafc. V\u1edbi s\u1ef1 \u01b0u \u00e1i m\u00e0 thi\u00ean nhi\u00ean ban t\u1eb7ng cho th\u1ecb tr\u1ea5n Sapa v\u00e0 s\u1ef1 nu\u00f4i d\u01b0\u1ee1ng c\u1ee7a n\u00fai r\u1eebng T\u00e2y B\u1eafc l\u00e0m n\u00ean s\u1ef1 kh\u00e1c bi\u1ec7t c\u1ee7a h\u1ea1t d\u1ebb n\u01a1i \u0111\u00e2y so v\u1edbi nh\u1eefng lo\u1ea1i h\u1ea1t d\u1ebb \u1edf Cao B\u1eb1ng hay L\u1ea1ng S\u01a1n v\u1ec1 c\u1ea3 h\u00ecnh d\u00e1ng c\u0169ng nh\u01b0 ch\u1ea5t l\u01b0\u1ee3ng c\u1ee7a h\u1ea1t.<\/p>\n<p>C\u00e2y d\u1ebb sinh tr\u01b0\u1edfng \u1edf r\u1eebng Sapa l\u00e0 lo\u1ea1i d\u1ebb v\u00e1n r\u1ea5t ph\u00f9 h\u1ee3p v\u1edbi \u0111\u1eb7c tr\u01b0ng kh\u00ed h\u1eadu l\u1ea1nh v\u00e0 \u0111\u1ea5t \u0111ai v\u1edbi \u0111\u1ed3i d\u1ed1c, \u0111\u1ea5t n\u01b0\u01a1ng c\u0169 nh\u01b0ng r\u1ea5t d\u00e0y v\u00e0 t\u01b0\u01a1i x\u1ed1p kh\u00f4ng b\u1ecb ng\u1eadp \u00fang l\u00e0m cho c\u00e2y d\u1ebb d\u1ec5 d\u00e0ng ph\u00e1t tri\u1ec3n t\u1ed1t.<\/p>\n<h3>S\u1ef1 kh\u00e1c bi\u1ec7t c\u1ee7a h\u1ea1t d\u1ebb r\u1eebng Sapa<\/h3>\n<div id=\"attachment_33729\" class=\"wp-caption aligncenter\">\n<p><img loading=\"lazy\" decoding=\"async\" class=\"size-full wp-image-33729\" src=\"https:\/\/poliva.vn\/wp-content\/uploads\/2019\/07\/hat-de-nuong-2-2.jpg\" sizes=\"auto, (max-width: 600px) 100vw, 600px\" srcset=\"https:\/\/poliva.vn\/wp-content\/uploads\/2019\/07\/hat-de-nuong-2-2.jpg 600w, https:\/\/poliva.vn\/wp-content\/uploads\/2019\/07\/hat-de-nuong-2-2-143x100.jpg 143w, https:\/\/poliva.vn\/wp-content\/uploads\/2019\/07\/hat-de-nuong-2-2-355x249.jpg 355w\" alt=\"H\u01b0\u01a1ng v\u1ecb th\u01a1m b\u00f9i c\u1ee7a m\u00f3n h\u1ea1t d\u1ebb n\u01b0\u1edbng L\u00e0o Cai\" width=\"600\" height=\"420\" aria-describedby=\"caption-attachment-33729\" \/><\/p>\n<p id=\"caption-attachment-33729\" class=\"wp-caption-text\"><strong>Qu\u1ea3 d\u1ebb r\u1eebng Sapa<\/strong><\/p>\n<\/div>\n<p>Qu\u1ea3 d\u1ebb ban \u0111\u1ea7u tho\u1ea1t nh\u00ecn s\u1ebd gi\u1ed1ng qu\u1ea3 ch\u00f4m ch\u00f4m v\u1edbi l\u00f4ng gai tua t\u1ee7a xung quanh. Khi qu\u1ea3 c\u00f2n non c\u00f3 m\u00e0u xanh l\u00e1. Nh\u00ecn v\u1ec1 k\u00edch c\u1ee1 c\u1ee7a h\u1ea1t c\u00f3 th\u1ec3 th\u1ea5y h\u1ea1t d\u1ebb Sapa c\u00f3 k\u00edch th\u01b0\u1edbc to g\u1ea5p 4 \u0111\u1ebfn 5 l\u1ea7n so v\u1edbi c\u00e1c lo\u1ea1i h\u1ea1t d\u1ebb r\u1eebng kh\u00e1c. H\u1ea1t c\u00f3 h\u00ecnh d\u00e1ng gi\u1ed1ng nh\u01b0 b\u1ecb m\u00e9o v\u1edbi ba chi\u1ec1u g\u1ea7n nh\u01b0 b\u1eb1ng nhau.<\/p>\n<p>Khi qu\u1ea3 d\u1ebb ch\u00edn s\u1ebd chuy\u1ec3n d\u1ea7n t\u1eeb m\u00e0u xanh sang m\u00e0u v\u00e0ng n\u00e2u \u0111\u1eadm v\u00e0 r\u1ee5ng xu\u1ed1ng d\u01b0\u1edbi g\u1ed1c c\u00e2y \u0111\u1ec3 r\u01a1i ra nh\u1eefng h\u1ea1t d\u1ebb t\u01b0\u01a1i r\u00f3i v\u00e0 th\u01a1m ngon b\u00ean trong. V\u1ecf h\u1ea1t d\u1ebb Sapa c\u00f3 m\u00e0u n\u00e2u s\u1eadm , tr\u01a1n b\u00f3ng m\u1ecbn , b\u1ecdc b\u00ean ngo\u00e0i v\u1ecf l\u00e0 l\u1edbp t\u01a1 m\u1ecfng m\u00e0u tr\u1eafng nh\u1ea1t h\u01a1i kh\u00f3 nh\u00ecn. Qua l\u1edbp v\u1ecf b\u00ean ngo\u00e0i l\u00e0 \u0111\u1ebfn m\u1ed9t l\u1edbp l\u1ee5a m\u1ecfng r\u1ed3i \u0111\u1ebfn ru\u1ed9t d\u1ebb m\u00e0u v\u00e0ng chanh \u1edf b\u00ean trong c\u00f9ng. Khi \u0103n h\u1ea1t d\u1ebb r\u1eebng c\u00f3 v\u1ecb b\u00f9i b\u00f9i, th\u01a1m , b\u00e9o ng\u1eady.<\/p>\n<p>M\u1ed7i qu\u1ea3 d\u1ebb ch\u00edn th\u01b0\u1eddng ch\u1ee9a 3 \u0111\u1ebfn 4 h\u1ea1t d\u1ebb b\u00ean trong. T\u1ea7m th\u00e1ng 10,11 h\u00e0ng n\u0103m g\u1ea7n v\u1edbi m\u00f9a l\u00faa ch\u00edn c\u0169ng l\u00e0 l\u00fac qu\u1ea3 d\u1ebb ch\u00edn \u0111\u1ec3 r\u01a1i ra nh\u1eefng h\u1ea1t d\u1ebb tr\u00ean m\u1eb7t \u0111\u1ea5t. \u0110\u00e2y c\u0169ng l\u00e0 l\u00fac ng\u01b0\u1eddi d\u00e2n b\u1ea3n \u0111\u1ecba c\u1ea7m gi\u1ecf l\u00ean nh\u1eefng khu r\u1eebng d\u1ebb \u0111\u1ec3 nh\u1eb7t l\u1ea5y m\u00f3n\u201cs\u1ea3n v\u1eadt c\u1ee7a \u0111\u1ea1i ng\u00e0n\u201d ban t\u1eb7ng n\u00e0y.<\/p>\n<h2>H\u1ea1t d\u1ebb n\u01b0\u1edbng \u2013 M\u00f3n \u0103n \u0111\u01b0\u1ee3c du kh\u00e1ch \u01b0a th\u00edch<\/h2>\n<p>H\u1ea1t d\u1ebb sau khi \u0111\u01b0\u1ee3c ng\u01b0\u1eddi d\u00e2n thu ho\u1ea1ch v\u1ec1 th\u00ec c\u00f3 r\u1ea5t nhi\u1ec1u c\u00e1ch th\u1ee9c \u0111\u1ec3 ch\u1ebf bi\u1ebfn.C\u00e1ch \u0111\u01a1n gi\u1ea3n nh\u1ea5t l\u00e0 mang \u0111i lu\u1ed9c cho ch\u00edn r\u1ed3i th\u01b0\u1edfng th\u1ee9c v\u1ecb h\u1ea1t d\u1ebb th\u01a1m b\u00f9i, b\u00e9o ng\u1eady. C\u00f2n n\u1ebfu b\u1ea1n th\u00edch ch\u1ebf bi\u1ebfn m\u1ed9t c\u00e1ch m\u1edbi m\u1ebb h\u01a1n, sau khi lu\u1ed9c ch\u00edn h\u00e3y rang h\u1ea1t d\u1ebb c\u0169ngr\u1ea5t ngon.H\u1ea1t d\u1ebb sau khi lu\u1ed9c ch\u00edn c\u00f2n c\u00f3 th\u1ec3 xay th\u00e0nh b\u1ed9t \u0111\u1ec3 l\u00e0m b\u00e1nh, n\u1ea5u ch\u00e8, n\u1ea5u canh v\u00f4 c\u00f9ng b\u1ed5 d\u01b0\u1ee1ng.<\/p>\n<p>Tuy c\u00e1c c\u00e1ch ch\u1ebf bi\u1ebfn tr\u00ean \u0111\u1ec1u r\u1ea5t ngon v\u00e0 b\u00f9i nh\u01b0ng b\u1ea1n kh\u00f4ng th\u1ec3 b\u1ecf qua m\u00f3n h\u1ea1t d\u1ebb n\u01b0\u1edbng Sapa. \u0110\u00e2y \u0111\u01b0\u1ee3c coi l\u00e0 m\u00f3n \u0111\u1eb7c s\u1ea3n n\u1ed5i ti\u1ebfng v\u00e0 r\u1ea5t \u0111\u01b0\u1ee3c du kh\u00e1ch y\u00eau th\u00edch khi du l\u1ecbch \u0111\u1ebfn v\u00f9ng n\u00fai T\u00e2y B\u1eafc.<\/p>\n<div id=\"attachment_33728\" class=\"wp-caption aligncenter\">\n<p><img loading=\"lazy\" decoding=\"async\" class=\"size-full wp-image-33728\" src=\"https:\/\/poliva.vn\/wp-content\/uploads\/2019\/07\/hat-de-nuong-1-2.jpg\" sizes=\"auto, (max-width: 600px) 100vw, 600px\" srcset=\"https:\/\/poliva.vn\/wp-content\/uploads\/2019\/07\/hat-de-nuong-1-2.jpg 600w, https:\/\/poliva.vn\/wp-content\/uploads\/2019\/07\/hat-de-nuong-1-2-150x100.jpg 150w, https:\/\/poliva.vn\/wp-content\/uploads\/2019\/07\/hat-de-nuong-1-2-355x237.jpg 355w\" alt=\"H\u01b0\u01a1ng v\u1ecb th\u01a1m b\u00f9i c\u1ee7a m\u00f3n h\u1ea1t d\u1ebb n\u01b0\u1edbng L\u00e0o Cai\" width=\"600\" height=\"400\" aria-describedby=\"caption-attachment-33728\" \/><\/p>\n<p id=\"caption-attachment-33728\" class=\"wp-caption-text\"><strong>H\u1ea1t d\u1ebb n\u01b0\u1edbng ch\u00edn tr\u00ean b\u1ebfp than h\u1ed3ng<\/strong><\/p>\n<\/div>\n<p>H\u1ea1t d\u1ebb n\u01b0\u1edbng l\u00e0 m\u00f3n \u0103n v\u1eb7t c\u1ef1c k\u1ef3 h\u1ea5p d\u1eabn trong ti\u1ebft \u00a0tr\u1eddi se l\u1ea1nh \u1edf L\u00e0o Cai. C\u1ea7m trong tay t\u00fai h\u1ea1t d\u1ebb n\u01b0\u1edbng n\u00f3ng h\u1ed5i, to\u1ea3 m\u00f9i h\u01b0\u01a1ng th\u01a1m ng\u00e1t n\u1ed3ng n\u00e0n khi \u0103n v\u00e0o l\u00e0 v\u1ecb b\u00e9o ng\u1eady tr\u00ean \u0111\u1ea7u l\u01b0\u1ee1i v\u00e0o m\u1ed9t \u0111\u00eam tr\u1eddi tr\u1edf r\u00e9t m\u1edbi c\u1ea3m nh\u1eadn \u0111\u01b0\u1ee3c h\u1ebft c\u00e1i th\u00fa vui tao nh\u00e3 c\u1ee7a m\u00f3n \u0103n d\u00e2n d\u00e3 n\u00e0y.<\/p>\n<h3>Nh\u1eefng c\u00f4ng d\u1ee5ng t\u1ed1t cho s\u1ee9c kho\u1ebb m\u00e0 kh\u00f4ng ph\u1ea3i ai c\u0169ng bi\u1ebft c\u1ee7a h\u1ea1t d\u1ebb n\u01b0\u1edbng<\/h3>\n<p>H\u1ea1t d\u1ebb r\u1eebng Sa Pa kh\u00f4ng ch\u1ec9 h\u1ea5p d\u1eabn b\u1edfi s\u1ef1 th\u01a1m ngon\u00a0m\u00e0 c\u00f2n c\u00f3 nh\u1eefng c\u00f4ng d\u1ee5ng kh\u00e1c v\u00f4 c\u00f9ng tuy\u1ec7t di\u1ec7u \u0111\u1ed1i v\u1edbi s\u1ee9c kho\u1ebb.<\/p>\n<p>Trong h\u1ea1t d\u1ebb r\u1eebng Sapa c\u00f3 nhi\u1ec1u lo\u1ea1i vitamin \u0111\u1eb7c bi\u1ec7t l\u00e0 vitamin C, viatamin B1, B2 r\u1ea5t t\u1ed1t cho s\u1ee9c kh\u1ecfe. Ngo\u00e0i ra theo c\u00e1c nh\u00e0 khoa h\u1ecdc, h\u1ea1t d\u1ebb r\u1ea5t t\u1ed1t trong vi\u1ec7c b\u1ea3o v\u1ec7 tim m\u1ea1ch, ng\u1eeba b\u1ec7nh ti\u1ec3u \u0111\u01b0\u1eddng, b\u1ed5 th\u1eadn, hen suy\u1ec5n, b\u1ec7nh x\u01b0\u01a1ng kh\u1edbp,\u2026.<\/p>\n<div id=\"attachment_33727\" class=\"wp-caption aligncenter\">\n<p><img loading=\"lazy\" decoding=\"async\" class=\"size-full wp-image-33727\" src=\"https:\/\/poliva.vn\/wp-content\/uploads\/2019\/07\/hat-de-nuong-3-2.jpg\" sizes=\"auto, (max-width: 600px) 100vw, 600px\" srcset=\"https:\/\/poliva.vn\/wp-content\/uploads\/2019\/07\/hat-de-nuong-3-2.jpg 600w, https:\/\/poliva.vn\/wp-content\/uploads\/2019\/07\/hat-de-nuong-3-2-146x100.jpg 146w, https:\/\/poliva.vn\/wp-content\/uploads\/2019\/07\/hat-de-nuong-3-2-355x243.jpg 355w\" alt=\"H\u01b0\u01a1ng v\u1ecb th\u01a1m b\u00f9i c\u1ee7a m\u00f3n h\u1ea1t d\u1ebb n\u01b0\u1edbng L\u00e0o Cai\" width=\"600\" height=\"411\" aria-describedby=\"caption-attachment-33727\" \/><\/p>\n<p id=\"caption-attachment-33727\" class=\"wp-caption-text\"><strong>M\u00f3n h\u1ea1t d\u1ebb n\u01b0\u1edbng th\u01a1m b\u00f9i<\/strong><\/p>\n<\/div>\n<p>\u0110\u1ebfn du l\u1ecbch Sapa b\u1ea1n c\u00f3 th\u1ec3 t\u00ecm \u0103n v\u00e0 mua h\u1ea1t d\u1ebb n\u01b0\u1edbng t\u1ea1i\u00a0<strong><em>Ph\u1ed1 n\u01b0\u1edbng C\u1ea7u M\u00e2y \u2013 Sapa<\/em><\/strong>. To\u1ea1 l\u1ea1c tr\u00ean ph\u1ed1 C\u1ea7u M\u00e2y l\u00e0 d\u00e3y c\u00e1c c\u1eeda h\u00e0ng, qu\u00e1n \u0103n v\u1ec9a h\u00e8 nh\u1ecf chuy\u00ean b\u00e1n c\u00e1c lo\u1ea1i \u0111\u1ed3 \u0103n v\u1eb7t, \u0111\u1ed3 n\u01b0\u1edbng r\u1ea5t th\u01a1m ngon. B\u1ea1n c\u00f3 th\u1ec3 c\u1ea3m nh\u1eadn \u0111\u01b0\u1ee3c m\u00f3n h\u1ea1t d\u1ebb n\u01b0\u1edbng Sapa \u0111\u00fang v\u1ecb nh\u1ea5t trong c\u00e1i l\u1ea1nh c\u1ee7a v\u00f9ng cao t\u1ea1i n\u01a1i \u0111\u00e2y.<\/p>","protected":false},"excerpt":{"rendered":"<ul>\n<li>\u0110\u00f3ng g\u00f3i: H\u1ed9p<\/li>\n<li>Tr\u1ecdng l\u01b0\u1ee3ng: 200g<\/li>\n<li>Xu\u1ea5t x\u1ee9: T\u00e2y B\u1eafc<\/li>\n<li>Th\u00e0nh ph\u1ea7n: 100% h\u1ea1t d\u1ebb<\/li>\n<li>H\u01b0\u1edbng d\u1eabn s\u1eed d\u1ee5ng: Rang ho\u1eb7c n\u01b0\u1edbng l\u00ean \u0111\u1ec3 \u0103n<\/li>\n<li>B\u1ea3o qu\u1ea3n: N\u01a1i kh\u00f4 r\u00e1o, tho\u00e1ng m\u00e1t<\/li>\n<\/ul>","protected":false},"featured_media":222,"template":"","meta":[],"product_cat":[21],"product_tag":[],"class_list":["post-221","product","type-product","status-publish","has-post-thumbnail","hentry","product_cat-nong-san"],"_links":{"self":[{"href":"https:\/\/coiviet.vn\/cn\/wp-json\/wp\/v2\/product\/221","targetHints":{"allow":["GET"]}}],"collection":[{"href":"https:\/\/coiviet.vn\/cn\/wp-json\/wp\/v2\/product"}],"about":[{"href":"https:\/\/coiviet.vn\/cn\/wp-json\/wp\/v2\/types\/product"}],"wp:featuredmedia":[{"embeddable":true,"href":"https:\/\/coiviet.vn\/cn\/wp-json\/wp\/v2\/media\/222"}],"wp:attachment":[{"href":"https:\/\/coiviet.vn\/cn\/wp-json\/wp\/v2\/media?parent=221"}],"wp:term":[{"taxonomy":"product_cat","embeddable":true,"href":"https:\/\/coiviet.vn\/cn\/wp-json\/wp\/v2\/product_cat?post=221"},{"taxonomy":"product_tag","embeddable":true,"href":"https:\/\/coiviet.vn\/cn\/wp-json\/wp\/v2\/product_tag?post=221"}],"curies":[{"name":"wp","href":"https:\/\/api.w.org\/{rel}","templated":true}]}}