{"id":215,"date":"2022-09-11T13:51:24","date_gmt":"2022-09-11T06:51:24","guid":{"rendered":"https:\/\/coiviet.vn\/?post_type=product&#038;p=215"},"modified":"2022-09-23T08:39:21","modified_gmt":"2022-09-23T01:39:21","slug":"mang-nua-rung","status":"publish","type":"product","link":"https:\/\/coiviet.vn\/cn\/product\/mang-nua-rung\/","title":{"rendered":"M\u0103ng kh\u00f4 r\u1eebng"},"content":{"rendered":"<p>M\u0103ng kh\u00f4 r\u1eebng l\u00e0 lo\u1ea1i th\u1ef1c ph\u1ea9m g\u1eafn li\u1ec1n v\u1edbi \u0111\u1eddi s\u1ed1ng v\u0103n h\u00f3a ng\u01b0\u1eddi Vi\u1ec7t t\u1eeb xa x\u01b0a, c\u00f3 h\u00e0ng ch\u1ee5c m\u00f3n \u0103n \u0111\u01b0\u1ee3c ch\u1ebf b\u00ean t\u1eeb m\u0103ng t\u1eeb cao c\u1ea5p nh\u00e0 h\u00e0ng t\u1edbi b\u00ecnh d\u00e2n trong m\u1ecdi b\u1eefa \u0103n ng\u01b0\u1eddi d\u00e2n v\u00f9ng qu\u00ea. \u0110\u1eb7c bi\u1ec7t M\u0103ng Kh\u00f4 R\u1eebng Cao Nguy\u00ean Food v\u1edbi quy tr\u00ecnh ch\u1ebf bi\u1ebfn lu\u00f4n gi\u1eef \u0111\u01b0\u1ee3c v\u1ecb ngon c\u1ee7a m\u0103ng r\u1eebng, ho\u00e0n to\u00e0n t\u1ef1 nhi\u00ean v\u00e0 kh\u00f4ng ch\u1ea5t b\u1ea3o qu\u1ea3n.<\/p>\n<p><strong>QUY TR\u00ccNH T\u1eea THU MUA \u0110\u1ebeN TH\u00c0NH PH\u1ea8M<\/strong><\/p>\n<p>S\u1ea3n ph\u1ea9m ho\u00e0n to\u00e0n t\u1ef1 nhi\u00ean, kh\u00e1ch h\u00e0ng d\u00f9ng 1 l\u1ea7n l\u00e0 s\u1ebd nh\u1edb m\u00e3i. \u0110\u01b0\u1ee3c d\u00f9ng \u0111\u1ec3 ch\u1ebf bi\u1ebfn c\u00e1c m\u00f3n \u0103n t\u1eeb cao c\u1ea5p nh\u00e0 h\u00e0ng t\u1edbi b\u00ecnh d\u00e2n \u1edf m\u1ed7i gia \u0111\u00ecnh. M\u0103ng c\u00f3 c\u00f4ng d\u1ee5ng gi\u00fap gi\u1ea3m c\u00e2n, ki\u1ec3m so\u00e1t cholesterol, t\u1ed1t cho tim, ch\u1ed1ng vi\u00eam, t\u1ed1t cho ng\u01b0\u1eddi \u0103n ki\u00eang, ch\u1eefa c\u00e1c v\u1ea5n \u0111\u1ec1 v\u1ec1 h\u00f4 h\u1ea5p, v\u1ec1 d\u1ea1 d\u00e0y, kh\u00e1ng khu\u1ea9n\u2026.<\/p>\n<p><strong>B\u01b0\u1edbc 1:<\/strong> B\u00f3c v\u1ecf \u2013 L\u00e0m S\u1ea1ch \u2013 Lu\u1ed9c m\u0103ng tr\u00ean b\u1ebfp c\u1ee7i.<\/p>\n<p>M\u0103ng \u0111\u01b0\u1ee3c thu mua t\u1eeb ng\u01b0\u1eddi d\u00e2n \u0111i r\u1eebng \u2013 L\u00e0m s\u1ea1ch \u2013 B\u00f3c v\u1ecf \u2013 Lu\u1ed9c b\u1eb1ng than c\u1ee7i t\u1ef1 nhi\u00ean<br \/>\n<strong>B\u01b0\u1edbc 2:<\/strong> B\u1ed5 \u0111\u00f4i \u2013 R\u1eeda l\u1ea1i \u2013 S\u1ea5y kh\u00f4 \u2013 \u0110\u00f3ng g\u00f3i th\u00e0nh ph\u1ea9m<\/p>\n<p><strong>C\u00d4NG D\u1ee4NG C\u1ee6A M\u0102NG KH\u00d4 R\u1eeaNG:<\/strong><\/p>\n<p>Gi\u00fap gi\u1ea3m c\u00e2n.<br \/>\nKi\u1ec3m so\u00e1t cholesterol.<br \/>\nT\u1ed1t cho tim, ch\u1ed1ng vi\u00eam.<br \/>\nT\u1ed1t cho ng\u01b0\u1eddi \u0103n ki\u00eang.<\/p>\n<p><strong>C\u00c1CH S\u1eec D\u1ee4NG:<\/strong><\/p>\n<p>T\u1eeb m\u0103ng kh\u00f4, ch\u00fang ta c\u00f3 th\u1ec3 ch\u1ebf bi\u1ebfn \u0111\u01b0\u1ee3c r\u1ea5t nhi\u1ec1u m\u00f3n \u0103n h\u1ea5p d\u1eabn<br \/>\nB\u01b0\u1edbc 1: R\u1eeda s\u1ea1ch m\u0103ng kh\u00f4 sau \u0111\u00f3 ng\u00e2m m\u0103ng b\u1eb1ng n\u01b0\u1edbc \u1ea5m ho\u1eb7c n\u01b0\u1edbc vo g\u1ea1o.<br \/>\nB\u01b0\u1edbc 2: N\u00ean ng\u00e2m \u0111\u1ec3 qua \u0111\u00eam ho\u1eb7c ng\u00e2m \u00edt nh\u1ea5t 2 \u2013 3 gi\u1edd, \u0111\u1ec3 cho m\u0103ng n\u1edf v\u00e0 m\u1ec1m h\u01a1n.<\/p>\n<p>Ng\u00e2m M\u0103ng Kh\u00f4 B\u1eb1ng N\u01b0\u1edbc \u1ea4m Sau 1 gi\u1edd<br \/>\nT\u1eeb m\u0103ng kh\u00f4, ch\u00fang ta c\u00f3 th\u1ec3 ch\u1ebf bi\u1ebfn \u0111\u01b0\u1ee3c r\u1ea5t nhi\u1ec1u m\u00f3n \u0103n h\u1ea5p d\u1eabn nh\u01b0 canh m\u0103ng ch\u00e2n gi\u00f2, m\u0103ng n\u1ea5u v\u1ecbt, m\u0103ng kh\u00f4 n\u1ea5u x\u01b0\u1eddn\u2026<\/p>","protected":false},"excerpt":{"rendered":"<ul>\n<li>\u0110\u00f3ng g\u00f3i: T\u00fai h\u00fat ch\u00e2n kh\u00f4ng<\/li>\n<li>Tr\u1ecdng l\u01b0\u1ee3ng: 500g<\/li>\n<li>Xu\u1ea5t x\u1ee9: T\u00e2y B\u1eafc<\/li>\n<li>Th\u00e0nh ph\u1ea7n: 100% m\u0103ng kh\u00f4<\/li>\n<li>H\u01b0\u1edbng d\u1eabn s\u1eed d\u1ee5ng: D\u00f9ng \u0111\u1ec3 ch\u1ebf bi\u1ebfn c\u00e1c m\u00f3n \u0103n<\/li>\n<li>B\u1ea3o qu\u1ea3n: N\u01a1i kh\u00f4 r\u00e1o, tho\u00e1ng m\u00e1t<\/li>\n<\/ul>","protected":false},"featured_media":551,"template":"","meta":[],"product_cat":[21],"product_tag":[],"class_list":["post-215","product","type-product","status-publish","has-post-thumbnail","hentry","product_cat-nong-san"],"_links":{"self":[{"href":"https:\/\/coiviet.vn\/cn\/wp-json\/wp\/v2\/product\/215","targetHints":{"allow":["GET"]}}],"collection":[{"href":"https:\/\/coiviet.vn\/cn\/wp-json\/wp\/v2\/product"}],"about":[{"href":"https:\/\/coiviet.vn\/cn\/wp-json\/wp\/v2\/types\/product"}],"wp:featuredmedia":[{"embeddable":true,"href":"https:\/\/coiviet.vn\/cn\/wp-json\/wp\/v2\/media\/551"}],"wp:attachment":[{"href":"https:\/\/coiviet.vn\/cn\/wp-json\/wp\/v2\/media?parent=215"}],"wp:term":[{"taxonomy":"product_cat","embeddable":true,"href":"https:\/\/coiviet.vn\/cn\/wp-json\/wp\/v2\/product_cat?post=215"},{"taxonomy":"product_tag","embeddable":true,"href":"https:\/\/coiviet.vn\/cn\/wp-json\/wp\/v2\/product_tag?post=215"}],"curies":[{"name":"wp","href":"https:\/\/api.w.org\/{rel}","templated":true}]}}