{"id":209,"date":"2022-09-11T13:47:38","date_gmt":"2022-09-11T06:47:38","guid":{"rendered":"https:\/\/coiviet.vn\/?post_type=product&#038;p=209"},"modified":"2022-09-22T19:05:54","modified_gmt":"2022-09-22T12:05:54","slug":"nam-huong-coi-viet","status":"publish","type":"product","link":"https:\/\/coiviet.vn\/cn\/product\/nam-huong-coi-viet\/","title":{"rendered":"N\u1ea5m h\u01b0\u01a1ng C\u1ed9i Vi\u1ec7t 150g"},"content":{"rendered":"<p>N\u1ea5m h\u01b0\u01a1ng C\u1ed9i Vi\u1ec7t \u0111\u01b0\u1ee3c tr\u1ed3ng \u1edf Sapa trong \u0111i\u1ec1u ki\u1ec7n t\u1ef1 nhi\u00ean. Qua tr\u00ecnh thu ho\u1ea1ch, n\u1ea5m h\u01b0\u01a1ng \u0111\u01b0\u1ee3c ch\u1ecdn l\u1ecdc k\u1ef9 l\u01b0\u1ee1ng sau \u0111\u00f3 s\u1ea5y kh\u00f4, \u0111\u00f3ng g\u00f3i theo quy tr\u00ecnh s\u1ea3n xu\u1ea5t s\u1ea1ch \u0111\u1ea1t chu\u1ea9n VietGAP v\u00e0 ch\u1ee9ng nh\u1eadn s\u1ea3n ph\u1ea9m h\u1eefu c\u01a1 (VCO).<\/p>\n<p>Nh\u1eefng c\u00e2y N\u1ea5m h\u01b0\u01a1ng C\u1ed9i Vi\u1ec7t c\u00f3 m\u00f9i th\u01a1m n\u1ed3ng n\u00e0n, h\u01b0\u01a1ng v\u1ecb gi\u00f2n ng\u1ecdt t\u1ef1 nhi\u00ean kh\u00e1c h\u1eb3n v\u1edbi c\u00e1c lo\u1ea1i n\u1ea5m kh\u00e1c tr\u00ean th\u1ecb tr\u01b0\u1eddng, s\u1eb5n s\u00e0ng chinh ph\u1ee5c m\u1ecdi th\u1ef1c kh\u00e1ch kh\u00f3 t\u00ednh nh\u1ea5t.<\/p>\n<p>TH\u00c0NH PH\u1ea6N: 100% N\u1ea5m H\u01b0\u01a1ng kh\u00f4<\/p>\n<p><span style=\"font-size: 14.4px;\">H\u01b0\u1edbng d\u1eabn s\u1eed d\u1ee5ng: Ng\u00e2m n\u1ea5m v\u1edbi n\u01b0\u1edbc s\u1ea1ch kho\u1ea3ng 30 ph\u00fat. Sau \u0111\u00f3 ch\u1ebf bi\u1ebfn c\u00e1c m\u00f3n h\u1ea7m, x\u00e0o, n\u01b0\u1edbng, n\u1ea5u canh\u2026<\/span><\/p>\n<p>H\u01b0\u1edbng d\u1eabn b\u1ea3o qu\u1ea3n: B\u1ea3o qu\u1ea3n n\u01a1i kh\u00f4 r\u00e1o, tho\u00e1ng m\u00e1t, tr\u00e1nh \u00e1nh n\u1eafng m\u1eb7t tr\u1eddi.<\/p>\n<p>Th\u00f4ng tin c\u1ea3nh b\u00e1o: Kh\u00f4ng s\u1eed d\u1ee5ng s\u1ea3n ph\u1ea9m h\u1ebft h\u1ea1n s\u1eed d\u1ee5ng ho\u1eb7c s\u1ea3n ph\u1ea9m c\u00f3 d\u1ea5u hi\u1ec7u b\u1ea5t th\u01b0\u1eddng, bao b\u00ec kh\u00f4ng c\u00f2n nguy\u00ean v\u1eb9n.<\/p>","protected":false},"excerpt":{"rendered":"<ul>\n<li>Th\u00e0nh ph\u1ea7n: 100% n\u1ea5m h\u01b0\u01a1ng kh\u00f4<\/li>\n<li>Tr\u1ecdng l\u01b0\u1ee3ng: 150g<\/li>\n<li>Xu\u1ea5t x\u1ee9: Vi\u1ec7t Nam<\/li>\n<li><span style=\"font-size: 14.4px;\">H\u01b0\u1edbng d\u1eabn s\u1eed d\u1ee5ng: Ng\u00e2m n\u1ea5m v\u1edbi n\u01b0\u1edbc s\u1ea1ch kho\u1ea3ng 30 ph\u00fat. Sau \u0111\u00f3 ch\u1ebf bi\u1ebfn c\u00e1c m\u00f3n h\u1ea7m, x\u00e0o, n\u01b0\u1edbng, n\u1ea5u canh\u2026<\/span><\/li>\n<li>H\u01b0\u1edbng d\u1eabn b\u1ea3o qu\u1ea3n: B\u1ea3o qu\u1ea3n n\u01a1i kh\u00f4 r\u00e1o, tho\u00e1ng m\u00e1t, tr\u00e1nh \u00e1nh n\u1eafng m\u1eb7t tr\u1eddi.<\/li>\n<\/ul>","protected":false},"featured_media":552,"template":"","meta":[],"product_cat":[21],"product_tag":[],"class_list":["post-209","product","type-product","status-publish","has-post-thumbnail","hentry","product_cat-nong-san"],"_links":{"self":[{"href":"https:\/\/coiviet.vn\/cn\/wp-json\/wp\/v2\/product\/209","targetHints":{"allow":["GET"]}}],"collection":[{"href":"https:\/\/coiviet.vn\/cn\/wp-json\/wp\/v2\/product"}],"about":[{"href":"https:\/\/coiviet.vn\/cn\/wp-json\/wp\/v2\/types\/product"}],"wp:featuredmedia":[{"embeddable":true,"href":"https:\/\/coiviet.vn\/cn\/wp-json\/wp\/v2\/media\/552"}],"wp:attachment":[{"href":"https:\/\/coiviet.vn\/cn\/wp-json\/wp\/v2\/media?parent=209"}],"wp:term":[{"taxonomy":"product_cat","embeddable":true,"href":"https:\/\/coiviet.vn\/cn\/wp-json\/wp\/v2\/product_cat?post=209"},{"taxonomy":"product_tag","embeddable":true,"href":"https:\/\/coiviet.vn\/cn\/wp-json\/wp\/v2\/product_tag?post=209"}],"curies":[{"name":"wp","href":"https:\/\/api.w.org\/{rel}","templated":true}]}}